{"id":3,"date":"2024-09-10T12:27:23","date_gmt":"2024-09-10T10:27:23","guid":{"rendered":"https:\/\/collectif42.org\/?page_id=3"},"modified":"2025-04-25T10:29:13","modified_gmt":"2025-04-25T08:29:13","slug":"mentions-legales","status":"publish","type":"page","link":"https:\/\/collectif42.org\/en\/mentions-legales\/","title":{"rendered":"Mentions l\u00e9gales et politique de confidentialit\u00e9"},"content":{"rendered":"<h3 class=\"wp-block-heading\">Qui sommes-nous&nbsp;?<\/h3>\n\n\n\n<p>Nous sommes une r\u00e9union d&#8217;ind\u00e9pendants au service de vos projets digitaux.<\/p>\n\n\n\n<p>L\u2019adresse de notre site est&nbsp;: <a href=\"https:\/\/collectif42.org\/en\/\">https:\/\/collectif42.org<\/a>.<\/p>\n\n\n\n<div style=\"height:52px\" aria-hidden=\"true\" class=\"wp-block-spacer\"><\/div>\n\n\n\n<h4 class=\"wp-block-heading\">\u00c9diteur du Site<\/h4>\n\n\n\n<p><strong>Nom du Collectif :<\/strong> Collectif42<br><strong>Email : <\/strong><a href=\"mailto:contact@collectif42.org\">contact@collectif42.org <\/a><br><strong>Directeur de la publication :<\/strong> Farid Bouazdi<\/p>\n\n\n\n<div style=\"height:52px\" aria-hidden=\"true\" class=\"wp-block-spacer\"><\/div>\n\n\n\n<h4 class=\"wp-block-heading\">H\u00e9bergement<\/h4>\n\n\n\n<p><strong>Nom de l&#8217;h\u00e9bergeur :<\/strong> Gandi.net <br><strong>Adresse de l&#8217;h\u00e9bergeur :<\/strong> <a href=\"https:\/\/gandi.net\">https:\/\/gandi.net<\/a><\/p>\n\n\n\n<div style=\"height:52px\" aria-hidden=\"true\" class=\"wp-block-spacer\"><\/div>\n\n\n\n<h4 class=\"wp-block-heading\">Propri\u00e9t\u00e9 Intellectuelle<\/h4>\n\n\n\n<p>Tous les \u00e9l\u00e9ments pr\u00e9sents sur ce site (textes, images, vid\u00e9os, etc.) sont prot\u00e9g\u00e9s par le droit d&#8217;auteur et les droits de propri\u00e9t\u00e9 intellectuelle. Toute reproduction, repr\u00e9sentation, modification, publication, adaptation de tout ou partie des \u00e9l\u00e9ments du site, quel que soit le moyen ou le proc\u00e9d\u00e9 utilis\u00e9, est autoris\u00e9 dans le cadre de la licence <strong><a href=\"https:\/\/creativecommons.org\/licenses\/by-sa\/4.0\/deed.fr\">CC BY-SA 4.0<\/a><\/strong>.<\/p>\n\n\n\n<div style=\"height:52px\" aria-hidden=\"true\" class=\"wp-block-spacer\"><\/div>\n\n\n\n<h4 class=\"wp-block-heading\">Cr\u00e9dits Visuels<\/h4>\n\n\n\n<p>Les ic\u00f4nes utilis\u00e9es sur ce site proviennent de <a href=\"https:\/\/www.flaticon.com\/\">Flaticon<\/a> et sont r\u00e9alis\u00e9es par Freepik. Les visuels et illustrations sont issus de <a href=\"https:\/\/fr.freepik.com\/\">Freepik<\/a> et sont utilis\u00e9s conform\u00e9ment aux licences d&#8217;utilisation de ces plateformes.<\/p>\n\n\n\n<div style=\"height:52px\" aria-hidden=\"true\" class=\"wp-block-spacer\"><\/div>\n\n\n\n<h4 class=\"wp-block-heading\">Donn\u00e9es Personnelles<\/h4>\n\n\n\n<p>Conform\u00e9ment \u00e0 la loi fran\u00e7aise (loi n\u00b0 78-17 du 6 janvier 1978 modifi\u00e9e par la loi du 6 ao\u00fbt 2004) et aux directives europ\u00e9ennes sur la protection des donn\u00e9es personnelles (Dir 2002\/58 du 12 juillet 2002 et Directive 95\/46 du 24 octobre 1995), les informations \u00e0 caract\u00e8re personnel collect\u00e9es sur ce site sont utilis\u00e9es uniquement dans le cadre des services propos\u00e9s par Le Collectif42. L&#8217;utilisateur dispose d&#8217;un droit d&#8217;acc\u00e8s, de rectification, et d&#8217;opposition sur les donn\u00e9es personnelles le concernant.<\/p>\n\n\n\n<div style=\"height:52px\" aria-hidden=\"true\" class=\"wp-block-spacer\"><\/div>\n\n\n\n<h4 class=\"wp-block-heading\">Cookies<\/h4>\n\n\n\n<p>Ce site utilise des cookies pour am\u00e9liorer l&#8217;exp\u00e9rience utilisateur et collecter des informations sur la navigation. Les cookies peuvent \u00eatre d\u00e9sactiv\u00e9s via les param\u00e8tres de votre navigateur. Pour plus d&#8217;informations, veuillez consulter notre politique de gestion des cookies.<\/p>\n\n\n\n<div style=\"height:52px\" aria-hidden=\"true\" class=\"wp-block-spacer\"><\/div>\n\n\n\n<h4 class=\"wp-block-heading\">Responsabilit\u00e9<\/h4>\n\n\n\n<p>Le Collectif42 s&#8217;efforce de fournir des informations aussi pr\u00e9cises que possible. Toutefois, il ne pourra \u00eatre tenu responsable des omissions, des inexactitudes et des carences dans la mise \u00e0 jour, qu\u2019elles soient de son fait ou du fait des tiers partenaires qui lui fournissent ces informations.<\/p>\n\n\n\n<div style=\"height:52px\" aria-hidden=\"true\" class=\"wp-block-spacer\"><\/div>\n\n\n\n<h4 class=\"wp-block-heading\">Liens Hypertextes<\/h4>\n\n\n\n<p>Le site peut contenir des liens hypertextes vers d&#8217;autres sites. Le Collectif42 n&#8217;a pas la possibilit\u00e9 de v\u00e9rifier le contenu des sites ainsi visit\u00e9s et n\u2019assumera en cons\u00e9quence aucune responsabilit\u00e9 de ce fait.<\/p>\n\n\n\n<div style=\"height:52px\" aria-hidden=\"true\" class=\"wp-block-spacer\"><\/div>\n\n\n\n<h4 class=\"wp-block-heading\">Droit Applicable et Attribution de Juridiction<\/h4>\n\n\n\n<p>Tout litige en relation avec l\u2019utilisation du site est soumis au droit fran\u00e7ais. Il est fait attribution exclusive de juridiction aux tribunaux comp\u00e9tents de Tours.<\/p>\n\n\n\n<div style=\"height:52px\" aria-hidden=\"true\" class=\"wp-block-spacer\"><\/div>\n\n\n\n<h4 class=\"wp-block-heading\">Commentaires<\/h4>\n\n\n\n<p>Quand vous laissez un commentaire sur notre site, les donn\u00e9es inscrites dans le formulaire de commentaire, ainsi que votre adresse IP et l\u2019agent utilisateur de votre navigateur sont collect\u00e9s pour nous aider \u00e0 la d\u00e9tection des commentaires ind\u00e9sirables.<\/p>\n\n\n\n<p>Une cha\u00eene anonymis\u00e9e cr\u00e9\u00e9e \u00e0 partir de votre adresse e-mail (\u00e9galement appel\u00e9e hash) peut \u00eatre envoy\u00e9e au service Gravatar pour v\u00e9rifier si vous utilisez ce dernier. Les clauses de confidentialit\u00e9 du service Gravatar sont disponibles ici&nbsp;: https:\/\/automattic.com\/privacy\/. Apr\u00e8s validation de votre commentaire, votre photo de profil sera visible publiquement \u00e0 cot\u00e9 de votre commentaire.<\/p>\n\n\n\n<div style=\"height:52px\" aria-hidden=\"true\" class=\"wp-block-spacer\"><\/div>\n\n\n\n<h4 class=\"wp-block-heading\">M\u00e9dias<\/h4>\n\n\n\n<p>Si vous t\u00e9l\u00e9versez des images sur le site, nous vous conseillons d\u2019\u00e9viter de t\u00e9l\u00e9verser des images contenant des donn\u00e9es EXIF de coordonn\u00e9es GPS. Les personnes visitant votre site peuvent t\u00e9l\u00e9charger et extraire des donn\u00e9es de localisation depuis ces images.<\/p>\n\n\n\n<div style=\"height:52px\" aria-hidden=\"true\" class=\"wp-block-spacer\"><\/div>\n\n\n\n<h4 class=\"wp-block-heading\">Cookies<\/h4>\n\n\n\n<p>Si vous d\u00e9posez un commentaire sur notre site, il vous sera propos\u00e9 d\u2019enregistrer votre nom, adresse e-mail et site dans des cookies. C\u2019est uniquement pour votre confort afin de ne pas avoir \u00e0 saisir ces informations si vous d\u00e9posez un autre commentaire plus tard. Ces cookies expirent au bout d\u2019un mois.<\/p>\n\n\n\n<p>Si vous vous rendez sur la page de connexion, un cookie temporaire sera cr\u00e9\u00e9 afin de d\u00e9terminer si votre navigateur accepte les cookies. Il ne contient pas de donn\u00e9es personnelles et sera supprim\u00e9 automatiquement \u00e0 la fermeture de votre navigateur.<\/p>\n\n\n\n<p>Lorsque vous vous connecterez, nous mettrons en place un certain nombre de cookies pour enregistrer vos informations de connexion et vos pr\u00e9f\u00e9rences d\u2019\u00e9cran. La dur\u00e9e de vie d\u2019un cookie de connexion est de deux jours, celle d\u2019un cookie d\u2019option d\u2019\u00e9cran est d\u2019un an. Si vous cochez \u00ab&nbsp;Se souvenir de moi&nbsp;\u00bb, votre cookie de connexion sera conserv\u00e9 pendant deux semaines. Si vous vous d\u00e9connectez de votre compte, le cookie de connexion sera effac\u00e9.<\/p>\n\n\n\n<p>En modifiant ou en publiant une publication, un cookie suppl\u00e9mentaire sera enregistr\u00e9 dans votre navigateur. Ce cookie ne comprend aucune donn\u00e9e personnelle. Il indique simplement l\u2019ID de la publication que vous venez de modifier. Il expire au bout d\u2019un jour.<\/p>\n\n\n\n<div style=\"height:52px\" aria-hidden=\"true\" class=\"wp-block-spacer\"><\/div>\n\n\n\n<h4 class=\"wp-block-heading\">Contenu embarqu\u00e9 depuis d\u2019autres sites<\/h4>\n\n\n\n<p>Les articles de ce site peuvent inclure des contenus int\u00e9gr\u00e9s (par exemple des vid\u00e9os, images, articles\u2026). Le contenu int\u00e9gr\u00e9 depuis d\u2019autres sites se comporte de la m\u00eame mani\u00e8re que si le visiteur se rendait sur cet autre site.<\/p>\n\n\n\n<p>Ces sites web pourraient collecter des donn\u00e9es sur vous, utiliser des cookies, embarquer des outils de suivis tiers, suivre vos interactions avec ces contenus embarqu\u00e9s si vous disposez d\u2019un compte connect\u00e9 sur leur site web.<\/p>\n\n\n\n<div style=\"height:52px\" aria-hidden=\"true\" class=\"wp-block-spacer\"><\/div>\n\n\n\n<h4 class=\"wp-block-heading\">Utilisation et transmission de vos donn\u00e9es personnelles<\/h4>\n\n\n\n<p>Si vous demandez une r\u00e9initialisation de votre mot de passe, votre adresse IP sera incluse dans l\u2019e-mail de r\u00e9initialisation.<\/p>\n\n\n\n<div style=\"height:52px\" aria-hidden=\"true\" class=\"wp-block-spacer\"><\/div>\n\n\n\n<h4 class=\"wp-block-heading\">Dur\u00e9es de stockage de vos donn\u00e9es<\/h4>\n\n\n\n<p>Si vous laissez un commentaire, le commentaire et ses m\u00e9tadonn\u00e9es sont conserv\u00e9s ind\u00e9finiment. Cela permet de reconna\u00eetre et approuver automatiquement les commentaires suivants au lieu de les laisser dans la file de mod\u00e9ration.<\/p>\n\n\n\n<p>Pour les comptes qui s\u2019inscrivent sur notre site (le cas \u00e9ch\u00e9ant), nous stockons \u00e9galement les donn\u00e9es personnelles indiqu\u00e9es dans leur profil. Tous les comptes peuvent voir, modifier ou supprimer leurs informations personnelles \u00e0 tout moment (\u00e0 l\u2019exception de leur identifiant). Les gestionnaires du site peuvent aussi voir et modifier ces informations.<\/p>\n\n\n\n<div style=\"height:52px\" aria-hidden=\"true\" class=\"wp-block-spacer\"><\/div>\n\n\n\n<h4 class=\"wp-block-heading\">Les droits que vous avez sur vos donn\u00e9es<\/h4>\n\n\n\n<p>Si vous avez un compte ou si vous avez laiss\u00e9 des commentaires sur le site, vous pouvez demander \u00e0 recevoir un fichier contenant toutes les donn\u00e9es personnelles que nous poss\u00e9dons \u00e0 votre sujet, incluant celles que vous nous avez fournies. Vous pouvez \u00e9galement demander la suppression des donn\u00e9es personnelles vous concernant. Cela ne prend pas en compte les donn\u00e9es stock\u00e9es \u00e0 des fins administratives, l\u00e9gales ou pour des raisons de s\u00e9curit\u00e9.<\/p>\n\n\n\n<div style=\"height:52px\" aria-hidden=\"true\" class=\"wp-block-spacer\"><\/div>\n\n\n\n<h4 class=\"wp-block-heading\">O\u00f9 vos donn\u00e9es sont envoy\u00e9es<\/h4>\n\n\n\n<p>Les commentaires des visiteurs peuvent \u00eatre v\u00e9rifi\u00e9s \u00e0 l\u2019aide d\u2019un service automatis\u00e9 de d\u00e9tection des commentaires ind\u00e9sirables. Elles ne sont jamais transmises, sauf accord \u00e9crit dans le cadre de la r\u00e9alisation des prestations.<\/p>","protected":false},"excerpt":{"rendered":"<p>Qui sommes-nous&nbsp;? Nous sommes une r\u00e9union d&#8217;ind\u00e9pendants au service de vos projets digitaux. L\u2019adresse de notre site est&nbsp;: https:\/\/collectif42.org. \u00c9diteur du Site Nom du Collectif : Collectif42Email : contact@collectif42.org Directeur de la publication : Farid Bouazdi H\u00e9bergement Nom de l&#8217;h\u00e9bergeur : Gandi.net Adresse de l&#8217;h\u00e9bergeur : https:\/\/gandi.net Propri\u00e9t\u00e9 Intellectuelle Tous les \u00e9l\u00e9ments pr\u00e9sents sur ce site (textes, images, vid\u00e9os, etc.) sont prot\u00e9g\u00e9s par le droit d&#8217;auteur et les droits de propri\u00e9t\u00e9 intellectuelle. Toute reproduction, repr\u00e9sentation, modification, publication, adaptation de tout ou partie des \u00e9l\u00e9ments du site, quel que soit le moyen ou le proc\u00e9d\u00e9 utilis\u00e9, est autoris\u00e9 dans le cadre de la licence CC BY-SA 4.0. Cr\u00e9dits Visuels Les ic\u00f4nes utilis\u00e9es sur ce site proviennent de Flaticon et sont r\u00e9alis\u00e9es par Freepik. Les visuels et illustrations sont issus de Freepik et sont utilis\u00e9s conform\u00e9ment aux licences d&#8217;utilisation de ces plateformes. Donn\u00e9es Personnelles Conform\u00e9ment \u00e0 la loi fran\u00e7aise (loi n\u00b0 78-17 du 6 janvier 1978 modifi\u00e9e par la loi du 6 ao\u00fbt 2004) et aux directives europ\u00e9ennes sur la protection des donn\u00e9es personnelles (Dir 2002\/58 du 12 juillet 2002 et Directive 95\/46 du 24 octobre 1995), les informations \u00e0 caract\u00e8re personnel collect\u00e9es sur ce site sont utilis\u00e9es uniquement dans le cadre des services propos\u00e9s par Le Collectif42. L&#8217;utilisateur dispose d&#8217;un droit d&#8217;acc\u00e8s, de rectification, et d&#8217;opposition sur les donn\u00e9es personnelles le concernant. Cookies Ce site utilise des cookies pour am\u00e9liorer l&#8217;exp\u00e9rience utilisateur et collecter des informations sur la navigation. Les cookies peuvent \u00eatre d\u00e9sactiv\u00e9s via les param\u00e8tres de votre navigateur. Pour plus d&#8217;informations, veuillez consulter notre politique de gestion des cookies. Responsabilit\u00e9 Le Collectif42 s&#8217;efforce de fournir des informations aussi pr\u00e9cises que possible. Toutefois, il ne pourra \u00eatre tenu responsable des omissions, des inexactitudes et des carences dans la mise \u00e0 jour, qu\u2019elles soient de son fait ou du fait des tiers partenaires qui lui fournissent ces informations. Liens Hypertextes Le site peut contenir des liens hypertextes vers d&#8217;autres sites. Le Collectif42 n&#8217;a pas la possibilit\u00e9 de v\u00e9rifier le contenu des sites ainsi visit\u00e9s et n\u2019assumera en cons\u00e9quence aucune responsabilit\u00e9 de ce fait. Droit Applicable et Attribution de Juridiction Tout litige en relation avec l\u2019utilisation du site est soumis au droit fran\u00e7ais. Il est fait attribution exclusive de juridiction aux tribunaux comp\u00e9tents de Tours. Commentaires Quand vous laissez un commentaire sur notre site, les donn\u00e9es inscrites dans le formulaire de commentaire, ainsi que votre adresse IP et l\u2019agent utilisateur de votre navigateur sont collect\u00e9s pour nous aider \u00e0 la d\u00e9tection des commentaires ind\u00e9sirables. Une cha\u00eene anonymis\u00e9e cr\u00e9\u00e9e \u00e0 partir de votre adresse e-mail (\u00e9galement appel\u00e9e hash) peut \u00eatre envoy\u00e9e au service Gravatar pour v\u00e9rifier si vous utilisez ce dernier. Les clauses de confidentialit\u00e9 du service Gravatar sont disponibles ici&nbsp;: https:\/\/automattic.com\/privacy\/. Apr\u00e8s validation de votre commentaire, votre photo de profil sera visible publiquement \u00e0 cot\u00e9 de votre commentaire. M\u00e9dias Si vous t\u00e9l\u00e9versez des images sur le site, nous vous conseillons d\u2019\u00e9viter de t\u00e9l\u00e9verser des images contenant des donn\u00e9es EXIF de coordonn\u00e9es GPS. Les personnes visitant votre site peuvent t\u00e9l\u00e9charger et extraire des donn\u00e9es de localisation depuis ces images. Cookies Si vous d\u00e9posez un commentaire sur notre site, il vous sera propos\u00e9 d\u2019enregistrer votre nom, adresse e-mail et site dans des cookies. C\u2019est uniquement pour votre confort afin de ne pas avoir \u00e0 saisir ces informations si vous d\u00e9posez un autre commentaire plus tard. Ces cookies expirent au bout d\u2019un mois. Si vous vous rendez sur la page de connexion, un cookie temporaire sera cr\u00e9\u00e9 afin de d\u00e9terminer si votre navigateur accepte les cookies. Il ne contient pas de donn\u00e9es personnelles et sera supprim\u00e9 automatiquement \u00e0 la fermeture de votre navigateur. Lorsque vous vous connecterez, nous mettrons en place un certain nombre de cookies pour enregistrer vos informations de connexion et vos pr\u00e9f\u00e9rences d\u2019\u00e9cran. La dur\u00e9e de vie d\u2019un cookie de connexion est de deux jours, celle d\u2019un cookie d\u2019option d\u2019\u00e9cran est d\u2019un an. Si vous cochez \u00ab&nbsp;Se souvenir de moi&nbsp;\u00bb, votre cookie de connexion sera conserv\u00e9 pendant deux semaines. Si vous vous d\u00e9connectez de votre compte, le cookie de connexion sera effac\u00e9. En modifiant ou en publiant une publication, un cookie suppl\u00e9mentaire sera enregistr\u00e9 dans votre navigateur. Ce cookie ne comprend aucune donn\u00e9e personnelle. Il indique simplement l\u2019ID de la publication que vous venez de modifier. Il expire au bout d\u2019un jour. Contenu embarqu\u00e9 depuis d\u2019autres sites Les articles de ce site peuvent inclure des contenus int\u00e9gr\u00e9s (par exemple des vid\u00e9os, images, articles\u2026). Le contenu int\u00e9gr\u00e9 depuis d\u2019autres sites se comporte de la m\u00eame mani\u00e8re que si le visiteur se rendait sur cet autre site. Ces sites web pourraient collecter des donn\u00e9es sur vous, utiliser des cookies, embarquer des outils de suivis tiers, suivre vos interactions avec ces contenus embarqu\u00e9s si vous disposez d\u2019un compte connect\u00e9 sur leur site web. Utilisation et transmission de vos donn\u00e9es personnelles Si vous demandez une r\u00e9initialisation de votre mot de passe, votre adresse IP sera incluse dans l\u2019e-mail de r\u00e9initialisation. Dur\u00e9es de stockage de vos donn\u00e9es Si vous laissez un commentaire, le commentaire et ses m\u00e9tadonn\u00e9es sont conserv\u00e9s ind\u00e9finiment. Cela permet de reconna\u00eetre et approuver automatiquement les commentaires suivants au lieu de les laisser dans la file de mod\u00e9ration. Pour les comptes qui s\u2019inscrivent sur notre site (le cas \u00e9ch\u00e9ant), nous stockons \u00e9galement les donn\u00e9es personnelles indiqu\u00e9es dans leur profil. Tous les comptes peuvent voir, modifier ou supprimer leurs informations personnelles \u00e0 tout moment (\u00e0 l\u2019exception de leur identifiant). Les gestionnaires du site peuvent aussi voir et modifier ces informations. Les droits que vous avez sur vos donn\u00e9es Si vous avez un compte ou si vous avez laiss\u00e9 des commentaires sur le site, vous pouvez demander \u00e0 recevoir un fichier contenant toutes les donn\u00e9es personnelles que nous poss\u00e9dons \u00e0 votre sujet, incluant celles que vous nous avez fournies. Vous pouvez \u00e9galement demander la suppression des donn\u00e9es personnelles vous concernant. Cela ne prend pas en compte les donn\u00e9es stock\u00e9es \u00e0 des fins administratives, l\u00e9gales ou pour des raisons de s\u00e9curit\u00e9. O\u00f9 vos donn\u00e9es sont envoy\u00e9es Les commentaires des visiteurs peuvent \u00eatre v\u00e9rifi\u00e9s \u00e0 l\u2019aide d\u2019un service&#8230;<\/p>","protected":false},"author":1,"featured_media":0,"parent":0,"menu_order":0,"comment_status":"closed","ping_status":"open","template":"","meta":{"footnotes":""},"class_list":["post-3","page","type-page","status-publish","hentry","page--item"],"yoast_head":"<!-- This site is optimized with the Yoast SEO plugin v27.2 - https:\/\/yoast.com\/product\/yoast-seo-wordpress\/ -->\n<title>Mentions l\u00e9gales et politique de confidentialit\u00e9 - Experts web &amp; digital<\/title>\n<meta name=\"description\" content=\"Mentions l\u00e9gales et politique de confidentialit\u00e9 - Experts web &amp; digital\" \/>\n<meta name=\"robots\" content=\"noindex, nofollow\" \/>\n<meta property=\"og:locale\" content=\"en_GB\" \/>\n<meta property=\"og:type\" content=\"article\" \/>\n<meta property=\"og:title\" content=\"Mentions l\u00e9gales et politique de confidentialit\u00e9 - Experts web &amp; digital\" \/>\n<meta property=\"og:description\" content=\"Mentions l\u00e9gales et politique de confidentialit\u00e9 - Experts web &amp; digital\" \/>\n<meta property=\"og:url\" content=\"https:\/\/collectif42.org\/en\/mentions-legales\/\" \/>\n<meta property=\"og:site_name\" content=\"Experts web &amp; digital\" \/>\n<meta property=\"article:modified_time\" content=\"2025-04-25T08:29:13+00:00\" \/>\n<meta property=\"og:image\" content=\"https:\/\/collectif42.org\/wp-content\/uploads\/2025\/04\/Collectif-42-creation-web.png\" \/>\n\t<meta property=\"og:image:width\" content=\"1920\" \/>\n\t<meta property=\"og:image:height\" content=\"1080\" \/>\n\t<meta property=\"og:image:type\" content=\"image\/png\" \/>\n<meta name=\"twitter:card\" content=\"summary_large_image\" \/>\n<meta name=\"twitter:label1\" content=\"Estimated reading time\" \/>\n\t<meta name=\"twitter:data1\" content=\"6 minutes\" \/>\n<script type=\"application\/ld+json\" class=\"yoast-schema-graph\">{\"@context\":\"https:\/\/schema.org\",\"@graph\":[{\"@type\":\"WebPage\",\"@id\":\"https:\/\/collectif42.org\/mentions-legales\/\",\"url\":\"https:\/\/collectif42.org\/mentions-legales\/\",\"name\":\"Mentions l\u00e9gales et politique de confidentialit\u00e9 - Experts web &amp; digital\",\"isPartOf\":{\"@id\":\"https:\/\/collectif42.org\/#website\"},\"datePublished\":\"2024-09-10T10:27:23+00:00\",\"dateModified\":\"2025-04-25T08:29:13+00:00\",\"description\":\"Mentions l\u00e9gales et politique de confidentialit\u00e9 - Experts web &amp; digital\",\"breadcrumb\":{\"@id\":\"https:\/\/collectif42.org\/mentions-legales\/#breadcrumb\"},\"inLanguage\":\"en-GB\",\"potentialAction\":[{\"@type\":\"ReadAction\",\"target\":[\"https:\/\/collectif42.org\/mentions-legales\/\"]}]},{\"@type\":\"BreadcrumbList\",\"@id\":\"https:\/\/collectif42.org\/mentions-legales\/#breadcrumb\",\"itemListElement\":[{\"@type\":\"ListItem\",\"position\":1,\"name\":\"Accueil\",\"item\":\"https:\/\/collectif42.org\/\"},{\"@type\":\"ListItem\",\"position\":2,\"name\":\"Mentions l\u00e9gales et politique de confidentialit\u00e9\"}]},{\"@type\":\"WebSite\",\"@id\":\"https:\/\/collectif42.org\/#website\",\"url\":\"https:\/\/collectif42.org\/\",\"name\":\"Collectif42.org - Experts web & digital\",\"description\":\"Conception et r\u00e9alisation de sites internet\",\"publisher\":{\"@id\":\"https:\/\/collectif42.org\/#organization\"},\"alternateName\":\"Cr\u00e9ation et maintenance de sites web\",\"potentialAction\":[{\"@type\":\"SearchAction\",\"target\":{\"@type\":\"EntryPoint\",\"urlTemplate\":\"https:\/\/collectif42.org\/?s={search_term_string}\"},\"query-input\":{\"@type\":\"PropertyValueSpecification\",\"valueRequired\":true,\"valueName\":\"search_term_string\"}}],\"inLanguage\":\"en-GB\"},{\"@type\":\"Organization\",\"@id\":\"https:\/\/collectif42.org\/#organization\",\"name\":\"Collectif42.org - Experts web & digital\",\"alternateName\":\"Cr\u00e9ation et maintenance de sites web\",\"url\":\"https:\/\/collectif42.org\/\",\"logo\":{\"@type\":\"ImageObject\",\"inLanguage\":\"en-GB\",\"@id\":\"https:\/\/collectif42.org\/#\/schema\/logo\/image\/\",\"url\":\"https:\/\/collectif42.org\/wp-content\/uploads\/2025\/04\/Capture-decran-de-2025-04-04-09-45-10.webp\",\"contentUrl\":\"https:\/\/collectif42.org\/wp-content\/uploads\/2025\/04\/Capture-decran-de-2025-04-04-09-45-10.webp\",\"width\":203,\"height\":114,\"caption\":\"Collectif42.org - Experts web & digital\"},\"image\":{\"@id\":\"https:\/\/collectif42.org\/#\/schema\/logo\/image\/\"}}]}<\/script>\n<!-- \/ Yoast SEO plugin. -->","yoast_head_json":{"title":"Mentions l\u00e9gales et politique de confidentialit\u00e9 - Experts web &amp; digital","description":"Mentions l\u00e9gales et politique de confidentialit\u00e9 - Experts web &amp; digital","robots":{"index":"noindex","follow":"nofollow"},"og_locale":"en_GB","og_type":"article","og_title":"Mentions l\u00e9gales et politique de confidentialit\u00e9 - Experts web &amp; digital","og_description":"Mentions l\u00e9gales et politique de confidentialit\u00e9 - Experts web &amp; digital","og_url":"https:\/\/collectif42.org\/en\/mentions-legales\/","og_site_name":"Experts web &amp; digital","article_modified_time":"2025-04-25T08:29:13+00:00","og_image":[{"width":1920,"height":1080,"url":"https:\/\/collectif42.org\/wp-content\/uploads\/2025\/04\/Collectif-42-creation-web.png","type":"image\/png"}],"twitter_card":"summary_large_image","twitter_misc":{"Estimated reading time":"6 minutes"},"schema":{"@context":"https:\/\/schema.org","@graph":[{"@type":"WebPage","@id":"https:\/\/collectif42.org\/mentions-legales\/","url":"https:\/\/collectif42.org\/mentions-legales\/","name":"Mentions l\u00e9gales et politique de confidentialit\u00e9 - Experts web &amp; digital","isPartOf":{"@id":"https:\/\/collectif42.org\/#website"},"datePublished":"2024-09-10T10:27:23+00:00","dateModified":"2025-04-25T08:29:13+00:00","description":"Mentions l\u00e9gales et politique de confidentialit\u00e9 - Experts web &amp; digital","breadcrumb":{"@id":"https:\/\/collectif42.org\/mentions-legales\/#breadcrumb"},"inLanguage":"en-GB","potentialAction":[{"@type":"ReadAction","target":["https:\/\/collectif42.org\/mentions-legales\/"]}]},{"@type":"BreadcrumbList","@id":"https:\/\/collectif42.org\/mentions-legales\/#breadcrumb","itemListElement":[{"@type":"ListItem","position":1,"name":"Accueil","item":"https:\/\/collectif42.org\/"},{"@type":"ListItem","position":2,"name":"Mentions l\u00e9gales et politique de confidentialit\u00e9"}]},{"@type":"WebSite","@id":"https:\/\/collectif42.org\/#website","url":"https:\/\/collectif42.org\/","name":"Collectif42.org - Experts web & digital","description":"Conception et r\u00e9alisation de sites internet","publisher":{"@id":"https:\/\/collectif42.org\/#organization"},"alternateName":"Cr\u00e9ation et maintenance de sites web","potentialAction":[{"@type":"SearchAction","target":{"@type":"EntryPoint","urlTemplate":"https:\/\/collectif42.org\/?s={search_term_string}"},"query-input":{"@type":"PropertyValueSpecification","valueRequired":true,"valueName":"search_term_string"}}],"inLanguage":"en-GB"},{"@type":"Organization","@id":"https:\/\/collectif42.org\/#organization","name":"Collectif42.org - Experts web & digital","alternateName":"Cr\u00e9ation et maintenance de sites web","url":"https:\/\/collectif42.org\/","logo":{"@type":"ImageObject","inLanguage":"en-GB","@id":"https:\/\/collectif42.org\/#\/schema\/logo\/image\/","url":"https:\/\/collectif42.org\/wp-content\/uploads\/2025\/04\/Capture-decran-de-2025-04-04-09-45-10.webp","contentUrl":"https:\/\/collectif42.org\/wp-content\/uploads\/2025\/04\/Capture-decran-de-2025-04-04-09-45-10.webp","width":203,"height":114,"caption":"Collectif42.org - Experts web & digital"},"image":{"@id":"https:\/\/collectif42.org\/#\/schema\/logo\/image\/"}}]}},"_links":{"self":[{"href":"https:\/\/collectif42.org\/en\/wp-json\/wp\/v2\/pages\/3","targetHints":{"allow":["GET"]}}],"collection":[{"href":"https:\/\/collectif42.org\/en\/wp-json\/wp\/v2\/pages"}],"about":[{"href":"https:\/\/collectif42.org\/en\/wp-json\/wp\/v2\/types\/page"}],"author":[{"embeddable":true,"href":"https:\/\/collectif42.org\/en\/wp-json\/wp\/v2\/users\/1"}],"replies":[{"embeddable":true,"href":"https:\/\/collectif42.org\/en\/wp-json\/wp\/v2\/comments?post=3"}],"version-history":[{"count":0,"href":"https:\/\/collectif42.org\/en\/wp-json\/wp\/v2\/pages\/3\/revisions"}],"wp:attachment":[{"href":"https:\/\/collectif42.org\/en\/wp-json\/wp\/v2\/media?parent=3"}],"curies":[{"name":"wp","href":"https:\/\/api.w.org\/{rel}","templated":true}]}}